{"id":2,"date":"2025-11-05T19:22:47","date_gmt":"2025-11-05T19:22:47","guid":{"rendered":"http:\/\/rukouslauluja.fi\/?page_id=2"},"modified":"2025-11-07T13:56:10","modified_gmt":"2025-11-07T13:56:10","slug":"sample-page","status":"publish","type":"page","link":"https:\/\/rukouslauluja.fi\/","title":{"rendered":"Carmen Musiikki ry"},"content":{"rendered":"\n<p>Carmen musiikki ry on yhdistys, joka edist\u00e4\u00e4 meditatiivisen hengellisen musiikin tuottamista ja julkaisua. Olemme tuottaneet suomenkielisi\u00e4 rukouslauluja, joita on julkaistu \u00e4\u00e4nitteill\u00e4 ja nuoteilla, ja joita on p\u00e4\u00e4tynyt seurakuntien ja eri lauluryhmien k\u00e4ytt\u00f6\u00f6n. Toiminnan ytimess\u00e4 on my\u00f6s Carmen Ensemble -musiikkiryhm\u00e4, jonka tulkintoja lauluista olet ehk\u00e4 kuullut \u00e4\u00e4nitteill\u00e4.<\/p>\n\n\n\n<p>Tavoitteenamme on my\u00f6s yhdist\u00e4\u00e4 hengellisen musiikin tekij\u00f6it\u00e4 ja erityisesti laulunkirjoittajia, antaa heille mahdollisuus toteuttaa lauluntekemisen lahjaansa yhteiseen hyv\u00e4\u00e4n ja saada omia s\u00e4vellyksi\u00e4\u00e4n tai sanoituksiaan julkaisuille.<\/p>\n\n\n\n<p>Teemme mielell\u00e4mme yhteisty\u00f6t\u00e4 my\u00f6s eri lauluryhmien kanssa. Ota rohkeasti yhteytt\u00e4:<br>carmenmusiikki@gmail.com <\/p>\n","protected":false},"excerpt":{"rendered":"<p>Carmen musiikki ry on yhdistys, joka edist\u00e4\u00e4 meditatiivisen hengellisen musiikin tuottamista ja julkaisua. Olemme tuottaneet suomenkielisi\u00e4 rukouslauluja, joita on julkaistu \u00e4\u00e4nitteill\u00e4 ja nuoteilla, ja joita on p\u00e4\u00e4tynyt seurakuntien ja eri lauluryhmien k\u00e4ytt\u00f6\u00f6n. Toiminnan ytimess\u00e4 on my\u00f6s Carmen Ensemble -musiikkiryhm\u00e4, jonka tulkintoja lauluista olet ehk\u00e4 kuullut \u00e4\u00e4nitteill\u00e4. Tavoitteenamme on my\u00f6s yhdist\u00e4\u00e4 hengellisen musiikin tekij\u00f6it\u00e4 ja erityisesti<span class=\"post-excerpt-end\">&hellip;<\/span><\/p>\n<p class=\"more-link\"><a href=\"https:\/\/rukouslauluja.fi\/\" class=\"themebutton\">Read More<\/a><\/p>\n","protected":false},"author":1,"featured_media":0,"parent":0,"menu_order":0,"comment_status":"closed","ping_status":"open","template":"","meta":{"footnotes":""},"class_list":["post-2","page","type-page","status-publish","hentry"],"_links":{"self":[{"href":"https:\/\/rukouslauluja.fi\/index.php\/wp-json\/wp\/v2\/pages\/2","targetHints":{"allow":["GET"]}}],"collection":[{"href":"https:\/\/rukouslauluja.fi\/index.php\/wp-json\/wp\/v2\/pages"}],"about":[{"href":"https:\/\/rukouslauluja.fi\/index.php\/wp-json\/wp\/v2\/types\/page"}],"author":[{"embeddable":true,"href":"https:\/\/rukouslauluja.fi\/index.php\/wp-json\/wp\/v2\/users\/1"}],"replies":[{"embeddable":true,"href":"https:\/\/rukouslauluja.fi\/index.php\/wp-json\/wp\/v2\/comments?post=2"}],"version-history":[{"count":2,"href":"https:\/\/rukouslauluja.fi\/index.php\/wp-json\/wp\/v2\/pages\/2\/revisions"}],"predecessor-version":[{"id":13,"href":"https:\/\/rukouslauluja.fi\/index.php\/wp-json\/wp\/v2\/pages\/2\/revisions\/13"}],"wp:attachment":[{"href":"https:\/\/rukouslauluja.fi\/index.php\/wp-json\/wp\/v2\/media?parent=2"}],"curies":[{"name":"wp","href":"https:\/\/api.w.org\/{rel}","templated":true}]}}